{"id":1660,"date":"2025-05-07T10:20:05","date_gmt":"2025-05-07T10:20:05","guid":{"rendered":"https:\/\/marokkanische-weine.de\/?post_type=product&#038;p=1660"},"modified":"2025-10-07T22:05:56","modified_gmt":"2025-10-07T22:05:56","slug":"casablanca-bier-marokko","status":"publish","type":"product","link":"https:\/\/b2b.marokkanische-weine.de\/en\/product\/casablanca-bier-marokko\/","title":{"rendered":"Casablanca SixPack"},"content":{"rendered":"","protected":false},"excerpt":{"rendered":"<h3>Neue Charge in Arbeit.<br \/>\nWahrscheinlich wieder ab September erh\u00e4ltlich.<br \/>\nVorberstellungen via eMail an:<br \/>\norder@marokkanische-weine.de<\/h3>\n<p>Bier Casablanca Flasche 5\u00b0<\/p>\n<p><strong>Beschreibung<\/strong><br \/>\nDas Anti-Craft-Bier unter den Importbieren. Unmittelbar, ohne Schnickschnack oder Angeberei. Der perfekte Begleiter f\u00fcr Street Food und ehrliche Gespr\u00e4che \u00fcber das Leben jenseits von Instagram-Filtern.<\/p>\n<table>\n<tbody>\n<tr>\n<td><strong>Herkunft<\/strong><\/td>\n<td>Morocco<\/td>\n<\/tr>\n<tr>\n<td><strong>Jahrgang<\/strong><\/td>\n<td>Nicht angegeben<\/td>\n<\/tr>\n<tr>\n<td><strong>Alkoholgehalt<\/strong><\/td>\n<td>5 % Vol.<\/td>\n<\/tr>\n<tr>\n<td><strong>Flascheninhalt<\/strong><\/td>\n<td>33 cl<\/td>\n<\/tr>\n<\/tbody>\n<\/table>\n<p>&nbsp;<\/p>","protected":false},"featured_media":1659,"template":"","meta":{"_acf_changed":false},"product_brand":[],"product_cat":[37,42,28],"product_tag":[],"class_list":{"0":"post-1660","1":"product","2":"type-product","3":"status-publish","4":"has-post-thumbnail","6":"product_cat-volumen_350_ml","7":"product_cat-bier","8":"product_cat-marokko","10":"first","11":"instock","12":"taxable","13":"shipping-taxable","14":"purchasable","15":"product-type-simple"},"acf":[],"_links":{"self":[{"href":"https:\/\/b2b.marokkanische-weine.de\/en\/wp-json\/wp\/v2\/product\/1660","targetHints":{"allow":["GET"]}}],"collection":[{"href":"https:\/\/b2b.marokkanische-weine.de\/en\/wp-json\/wp\/v2\/product"}],"about":[{"href":"https:\/\/b2b.marokkanische-weine.de\/en\/wp-json\/wp\/v2\/types\/product"}],"wp:featuredmedia":[{"embeddable":true,"href":"https:\/\/b2b.marokkanische-weine.de\/en\/wp-json\/wp\/v2\/media\/1659"}],"wp:attachment":[{"href":"https:\/\/b2b.marokkanische-weine.de\/en\/wp-json\/wp\/v2\/media?parent=1660"}],"wp:term":[{"taxonomy":"product_brand","embeddable":true,"href":"https:\/\/b2b.marokkanische-weine.de\/en\/wp-json\/wp\/v2\/product_brand?post=1660"},{"taxonomy":"product_cat","embeddable":true,"href":"https:\/\/b2b.marokkanische-weine.de\/en\/wp-json\/wp\/v2\/product_cat?post=1660"},{"taxonomy":"product_tag","embeddable":true,"href":"https:\/\/b2b.marokkanische-weine.de\/en\/wp-json\/wp\/v2\/product_tag?post=1660"}],"curies":[{"name":"wp","href":"https:\/\/api.w.org\/{rel}","templated":true}]}}